{"id":1372,"date":"2016-02-12T08:12:49","date_gmt":"2016-02-12T08:12:49","guid":{"rendered":"http:\/\/demos.famethemes.com\/onepress\/?page_id=23"},"modified":"2021-03-02T22:15:28","modified_gmt":"2021-03-02T22:15:28","slug":"oferta","status":"publish","type":"page","link":"https:\/\/www.mar-bud.net\/index.php\/oferta\/","title":{"rendered":"Oferta"},"content":{"rendered":"<h3>FIRMA MAR-BUD OFERUJE :<\/h3>\n<ul>\n<li>\n<h3>UK\u0141ADANIE P\u0141YTEK (\u0142azienki, kuchnie, schody itp.)<\/h3>\n<\/li>\n<li>\n<h3>DOCIEPLENIE I WYKO\u0143CZENIE PODDASZY,<\/h3>\n<\/li>\n<li>\n<h3>KONSTRUKCJE Z P\u0141YT G-K wszelakiego typu,<\/h3>\n<\/li>\n<li>\n<h3>MALOWANIE (agregat \/wa\u0142ek),<\/h3>\n<\/li>\n<li>\n<h3>SZPACHLOWANIE,<\/h3>\n<\/li>\n<li>\n<h3>MONTA\u017b DRZWI I OKIEN,<\/h3>\n<\/li>\n<li>\n<h3>TYNKI STRUKTURALNE,<\/h3>\n<\/li>\n<li>\n<h3>MONTA\u017b BETONU ARCHITEKTONICZNEGO,<\/h3>\n<\/li>\n<li>\n<h3>PRZER\u00d3BKI INSTALCJI ELEKTRYCZNYCH I HYDRAULICZNYCH,<\/h3>\n<\/li>\n<li>\n<h3>BIA\u0141Y MONTA\u017b SANITARNY,<\/h3>\n<\/li>\n<li>\n<h3>UK\u0141ADANIE PANELI WRAZ Z MONTA\u017bEM LISTEW PRZYPOD\u0141OGOWYCH<\/h3>\n<\/li>\n<\/ul>\n\n\n<h3 class=\"wp-block-heading\">FIRMA OPARTA JEST NA WIELOLETNIM DO\u015aWIADCZENIU ZDOBYTYM W KRAJU I ZA GRANIC\u0104. CECH\u0104 ROZPOZNAWCZ\u0104 NASZEJ FIRMY JEST RZETELNO\u015a\u0106 I ZADOWOLENIE KLIENT\u00d3W Z WYKONANEJ PRACY. <\/h3>\n\n\n\n<h3 class=\"wp-block-heading\"><strong>WOLNE TERMINY W TYM ROKU\u00a0!!!<\/strong><br><\/h3>\n\n\n\n<p style=\"font-size:19px\"><strong>ZAPRASZAMY DO SKORZYSTANIA Z NASZYCH US\u0141UG. PROSIMY O KONTAKT POD NR.&nbsp;TEL: 511879857&nbsp;lub email:&nbsp;remonty@mar-bud.net<\/strong><\/p>\n","protected":false},"excerpt":{"rendered":"<p>FIRMA MAR-BUD OFERUJE : UK\u0141ADANIE P\u0141YTEK (\u0142azienki, kuchnie, schody itp.) DOCIEPLENIE I WYKO\u0143CZENIE PODDASZY, KONSTRUKCJE Z P\u0141YT G-K wszelakiego typu, MALOWANIE (agregat \/wa\u0142ek), SZPACHLOWANIE, MONTA\u017b DRZWI I OKIEN, TYNKI STRUKTURALNE, &#8230;<\/p>\n","protected":false},"author":2,"featured_media":0,"parent":0,"menu_order":0,"comment_status":"closed","ping_status":"closed","template":"template-fullwidth.php","meta":[],"_links":{"self":[{"href":"https:\/\/www.mar-bud.net\/index.php\/wp-json\/wp\/v2\/pages\/1372"}],"collection":[{"href":"https:\/\/www.mar-bud.net\/index.php\/wp-json\/wp\/v2\/pages"}],"about":[{"href":"https:\/\/www.mar-bud.net\/index.php\/wp-json\/wp\/v2\/types\/page"}],"author":[{"embeddable":true,"href":"https:\/\/www.mar-bud.net\/index.php\/wp-json\/wp\/v2\/users\/2"}],"replies":[{"embeddable":true,"href":"https:\/\/www.mar-bud.net\/index.php\/wp-json\/wp\/v2\/comments?post=1372"}],"version-history":[{"count":7,"href":"https:\/\/www.mar-bud.net\/index.php\/wp-json\/wp\/v2\/pages\/1372\/revisions"}],"predecessor-version":[{"id":1696,"href":"https:\/\/www.mar-bud.net\/index.php\/wp-json\/wp\/v2\/pages\/1372\/revisions\/1696"}],"wp:attachment":[{"href":"https:\/\/www.mar-bud.net\/index.php\/wp-json\/wp\/v2\/media?parent=1372"}],"curies":[{"name":"wp","href":"https:\/\/api.w.org\/{rel}","templated":true}]}}